{"id":3,"date":"2024-02-14T23:14:26","date_gmt":"2024-02-14T22:14:26","guid":{"rendered":"https:\/\/tufibra.com.co\/?page_id=3"},"modified":"2024-03-16T23:11:23","modified_gmt":"2024-03-16T22:11:23","slug":"no-a-la-explotacion-infantil","status":"publish","type":"page","link":"https:\/\/tufibra.com.co\/index.php\/no-a-la-explotacion-infantil\/","title":{"rendered":"No a la explotaci\u00f3n infantil"},"content":{"rendered":"\t\t<div data-elementor-type=\"wp-page\" data-elementor-id=\"3\" class=\"elementor elementor-3\">\n\t\t\t\t<div class=\"elementor-element elementor-element-6b0efc7 e-flex e-con-boxed e-con e-parent\" data-id=\"6b0efc7\" data-element_type=\"container\" data-e-type=\"container\" data-settings=\"{&quot;background_background&quot;:&quot;classic&quot;}\">\n\t\t\t\t\t<div class=\"e-con-inner\">\n\t\t\t\t<div class=\"elementor-element elementor-element-75c1a54 elementor-widget elementor-widget-heading\" data-id=\"75c1a54\" data-element_type=\"widget\" data-e-type=\"widget\" data-widget_type=\"heading.default\">\n\t\t\t\t<div class=\"elementor-widget-container\">\n\t\t\t\t\t<h1 class=\"elementor-heading-title elementor-size-default\">No a la explotaci\u00f3n infantil<\/h1>\t\t\t\t<\/div>\n\t\t\t\t<\/div>\n\t\t\t\t\t<\/div>\n\t\t\t\t<\/div>\n\t\t<div class=\"elementor-element elementor-element-9735ead e-flex e-con-boxed e-con e-parent\" data-id=\"9735ead\" data-element_type=\"container\" data-e-type=\"container\">\n\t\t\t\t\t<div class=\"e-con-inner\">\n\t\t\t\t<div class=\"elementor-element elementor-element-d2e24c1 elementor-widget elementor-widget-spacer\" data-id=\"d2e24c1\" data-element_type=\"widget\" data-e-type=\"widget\" data-widget_type=\"spacer.default\">\n\t\t\t\t<div class=\"elementor-widget-container\">\n\t\t\t\t\t\t\t<div class=\"elementor-spacer\">\n\t\t\t<div class=\"elementor-spacer-inner\"><\/div>\n\t\t<\/div>\n\t\t\t\t\t\t<\/div>\n\t\t\t\t<\/div>\n\t\t\t\t\t<\/div>\n\t\t\t\t<\/div>\n\t\t<div class=\"elementor-element elementor-element-289bfc0 e-flex e-con-boxed e-con e-parent\" data-id=\"289bfc0\" data-element_type=\"container\" data-e-type=\"container\">\n\t\t\t\t\t<div class=\"e-con-inner\">\n\t\t<div class=\"elementor-element elementor-element-debfc04 e-con-full e-flex e-con e-child\" data-id=\"debfc04\" data-element_type=\"container\" data-e-type=\"container\">\n\t\t\t\t<div class=\"elementor-element elementor-element-ec953bd elementor-widget elementor-widget-text-editor\" data-id=\"ec953bd\" data-element_type=\"widget\" data-e-type=\"widget\" data-widget_type=\"text-editor.default\">\n\t\t\t\t<div class=\"elementor-widget-container\">\n\t\t\t\t\t\t\t\t\t<h6>El suscriptor de cada uno de nuestros contratos debe de declarar su pleno conocimiento y conformidad con las disposiciones legales establecidas en el Decreto 1524 de 2002, que reglamenta el art\u00edculo 5\u00b0 de la Ley 679 de 2001, y reconoce que TU FIBRA S.A.S. efectivamente implementa medidas t\u00e9cnicas y administrativas para prevenir el acceso de menores de edad a cualquier forma de informaci\u00f3n pornogr\u00e1fica. Adem\u00e1s, se compromete a evitar la explotaci\u00f3n sexual infantil y el ofrecimiento de servicios comerciales que impliquen abuso sexual con menores de edad, seg\u00fan lo establecido en dicha normativa.<\/h6>\n<h6>TU FIBRA S.A.S., en cumplimiento de la Ley 679 de 2001, adopta las medidas preventivas y sancionatorias pertinentes para proteger contra la explotaci\u00f3n, la pornograf\u00eda, el turismo sexual y otras formas de abuso sexual con menores de edad. Asimismo, la empresa acata la Ley 1336 de 2009 y otras normativas que la modifiquen, sustituyan o adicionen, en concordancia con el desarrollo del art\u00edculo 44 de la Constituci\u00f3n.<\/h6>\n<h6>La inobservancia de estas disposiciones conlleva sanciones administrativas y penales, las cuales TU FIBRA S.A.S. est\u00e1 comprometida a evitar y prevenir. En este contexto, la empresa se compromete a no alojar en sus plataformas im\u00e1genes, textos, documentos o archivos audiovisuales que impliquen directa o indirectamente actividades sexuales con menores de edad. Asimismo, se abstiene de alojar material pornogr\u00e1fico, especialmente en forma de im\u00e1genes o videos, cuando existan indicios de que las personas fotografiadas o filmadas son menores de edad. Adem\u00e1s, se compromete a no alojar en sus sitios v\u00ednculos o \u00ablinks\u00bb hacia sitios telem\u00e1ticos que contengan o distribuyan material pornogr\u00e1fico relacionado con menores de edad.<\/h6>\t\t\t\t\t\t\t\t<\/div>\n\t\t\t\t<\/div>\n\t\t\t\t<\/div>\n\t\t<div class=\"elementor-element elementor-element-b141f08 e-con-full e-flex e-con e-child\" data-id=\"b141f08\" data-element_type=\"container\" data-e-type=\"container\">\n\t\t\t\t<div class=\"elementor-element elementor-element-404ffe6 elementor-widget elementor-widget-image\" data-id=\"404ffe6\" data-element_type=\"widget\" data-e-type=\"widget\" data-widget_type=\"image.default\">\n\t\t\t\t<div class=\"elementor-widget-container\">\n\t\t\t\t\t\t\t\t\t\t\t\t\t\t\t\t<a href=\"https:\/\/tufibra.com.co\/wp-content\/uploads\/2024\/03\/cyb_col_ley_679_2001.pdf\">\n\t\t\t\t\t\t\t<img fetchpriority=\"high\" decoding=\"async\" width=\"300\" height=\"240\" src=\"https:\/\/tufibra.com.co\/wp-content\/uploads\/2024\/03\/ley-1-300x240.jpg\" class=\"attachment-medium size-medium wp-image-2520\" alt=\"\" srcset=\"https:\/\/tufibra.com.co\/wp-content\/uploads\/2024\/03\/ley-1-300x240.jpg 300w, https:\/\/tufibra.com.co\/wp-content\/uploads\/2024\/03\/ley-1.jpg 500w\" sizes=\"(max-width: 300px) 100vw, 300px\" \/>\t\t\t\t\t\t\t\t<\/a>\n\t\t\t\t\t\t\t\t\t\t\t\t\t\t\t<\/div>\n\t\t\t\t<\/div>\n\t\t\t\t<div class=\"elementor-element elementor-element-f88a5c3 elementor-widget elementor-widget-image\" data-id=\"f88a5c3\" data-element_type=\"widget\" data-e-type=\"widget\" data-widget_type=\"image.default\">\n\t\t\t\t<div class=\"elementor-widget-container\">\n\t\t\t\t\t\t\t\t\t\t\t\t\t\t\t\t<a href=\"https:\/\/tufibra.com.co\/wp-content\/uploads\/2024\/03\/ley_1336_de_2009_colombia.pdf\">\n\t\t\t\t\t\t\t<img decoding=\"async\" width=\"300\" height=\"240\" src=\"https:\/\/tufibra.com.co\/wp-content\/uploads\/2024\/03\/ley-2-300x240.jpg\" class=\"attachment-medium size-medium wp-image-2521\" alt=\"\" srcset=\"https:\/\/tufibra.com.co\/wp-content\/uploads\/2024\/03\/ley-2-300x240.jpg 300w, https:\/\/tufibra.com.co\/wp-content\/uploads\/2024\/03\/ley-2.jpg 500w\" sizes=\"(max-width: 300px) 100vw, 300px\" \/>\t\t\t\t\t\t\t\t<\/a>\n\t\t\t\t\t\t\t\t\t\t\t\t\t\t\t<\/div>\n\t\t\t\t<\/div>\n\t\t\t\t<div class=\"elementor-element elementor-element-41de8be elementor-widget elementor-widget-image\" data-id=\"41de8be\" data-element_type=\"widget\" data-e-type=\"widget\" data-widget_type=\"image.default\">\n\t\t\t\t<div class=\"elementor-widget-container\">\n\t\t\t\t\t\t\t\t\t\t\t\t\t\t\t\t<a href=\"https:\/\/tufibra.com.co\/wp-content\/uploads\/2024\/03\/Decreto_1524_de_2002.pdf\">\n\t\t\t\t\t\t\t<img decoding=\"async\" width=\"300\" height=\"240\" src=\"https:\/\/tufibra.com.co\/wp-content\/uploads\/2024\/03\/ley-3-300x240.jpg\" class=\"attachment-medium size-medium wp-image-2522\" alt=\"\" srcset=\"https:\/\/tufibra.com.co\/wp-content\/uploads\/2024\/03\/ley-3-300x240.jpg 300w, https:\/\/tufibra.com.co\/wp-content\/uploads\/2024\/03\/ley-3.jpg 500w\" sizes=\"(max-width: 300px) 100vw, 300px\" \/>\t\t\t\t\t\t\t\t<\/a>\n\t\t\t\t\t\t\t\t\t\t\t\t\t\t\t<\/div>\n\t\t\t\t<\/div>\n\t\t\t\t<\/div>\n\t\t\t\t\t<\/div>\n\t\t\t\t<\/div>\n\t\t<div class=\"elementor-element elementor-element-cfe533d e-flex e-con-boxed e-con e-parent\" data-id=\"cfe533d\" data-element_type=\"container\" data-e-type=\"container\">\n\t\t\t\t\t<div class=\"e-con-inner\">\n\t\t<div class=\"elementor-element elementor-element-3544fae e-con-full e-flex e-con e-child\" data-id=\"3544fae\" data-element_type=\"container\" data-e-type=\"container\">\n\t\t\t\t<div class=\"elementor-element elementor-element-75401ea elementor-widget elementor-widget-heading\" data-id=\"75401ea\" data-element_type=\"widget\" data-e-type=\"widget\" data-widget_type=\"heading.default\">\n\t\t\t\t<div class=\"elementor-widget-container\">\n\t\t\t\t\t<h3 class=\"elementor-heading-title elementor-size-default\"><a href=\"http:\/\/www.internetsano.gov.co\">MINISTERIO DE COMUNICACIONES<\/a><\/h3>\t\t\t\t<\/div>\n\t\t\t\t<\/div>\n\t\t\t\t<div class=\"elementor-element elementor-element-5196276 elementor-widget elementor-widget-text-editor\" data-id=\"5196276\" data-element_type=\"widget\" data-e-type=\"widget\" data-widget_type=\"text-editor.default\">\n\t\t\t\t<div class=\"elementor-widget-container\">\n\t\t\t\t\t\t\t\t\t<h6>Edificio Murillo Toro Cra. 8a entre calles 12 y 13,<br class=\"wixui-rich-text__text\" \/>Bogot\u00e1, Colombia \u2013 C\u00f3digo Postal 111711<br \/>Tel\u00e9fono Conmutador: +57(1) 344 34 60<br class=\"wixui-rich-text__text\" \/>L\u00ednea Gratuita: 01-800-0914014<\/h6><h6><a class=\"wixui-rich-text__text\" href=\"http:\/\/www.internetsano.gov.co\/\" target=\"_blank\" rel=\"noopener\"><span class=\"wixui-rich-text__text\">www.internetsano.gov.co<\/span><\/a><\/h6>\t\t\t\t\t\t\t\t<\/div>\n\t\t\t\t<\/div>\n\t\t\t\t<\/div>\n\t\t<div class=\"elementor-element elementor-element-5c04734 e-con-full e-flex e-con e-child\" data-id=\"5c04734\" data-element_type=\"container\" data-e-type=\"container\">\n\t\t\t\t<div class=\"elementor-element elementor-element-d0c1639 elementor-widget elementor-widget-heading\" data-id=\"d0c1639\" data-element_type=\"widget\" data-e-type=\"widget\" data-widget_type=\"heading.default\">\n\t\t\t\t<div class=\"elementor-widget-container\">\n\t\t\t\t\t<h3 class=\"elementor-heading-title elementor-size-default\">FISCAL\u00cdA GENERAL DE LA NACI\u00d3N<\/h3>\t\t\t\t<\/div>\n\t\t\t\t<\/div>\n\t\t\t\t<div class=\"elementor-element elementor-element-74f18a3 elementor-widget elementor-widget-text-editor\" data-id=\"74f18a3\" data-element_type=\"widget\" data-e-type=\"widget\" data-widget_type=\"text-editor.default\">\n\t\t\t\t<div class=\"elementor-widget-container\">\n\t\t\t\t\t\t\t\t\t<h6>Diagonal 22B No. 52-01 (Ciudad Salitre) \/ Conmutador: 57(1) 570 20 00 \u2013 57(1) 414 90 00<\/h6><h6><br class=\"wixui-rich-text__text\" \/><a href=\"mailto:contacto@fiscalia.gov.co\">contacto@fiscalia.gov.co<\/a><\/h6><h6><span class=\"wixui-rich-text__text\"><a class=\"wixui-rich-text__text\" href=\"http:\/\/www.fiscalia.gov.co\/\" target=\"_blank\" rel=\"noopener\">www.fiscalia.gov.co<\/a><\/span><\/h6><p>\u00a0<\/p>\t\t\t\t\t\t\t\t<\/div>\n\t\t\t\t<\/div>\n\t\t\t\t<\/div>\n\t\t<div class=\"elementor-element elementor-element-964f03f e-con-full e-flex e-con e-child\" data-id=\"964f03f\" data-element_type=\"container\" data-e-type=\"container\" data-settings=\"{&quot;background_background&quot;:&quot;classic&quot;}\">\n\t\t\t\t<div class=\"elementor-element elementor-element-cfb30d5 elementor-widget elementor-widget-heading\" data-id=\"cfb30d5\" data-element_type=\"widget\" data-e-type=\"widget\" data-widget_type=\"heading.default\">\n\t\t\t\t<div class=\"elementor-widget-container\">\n\t\t\t\t\t<h3 class=\"elementor-heading-title elementor-size-default\">DIRECCI\u00d3N CENTRAL DE POLIC\u00cdA JUDICIAL \u2013 DIJIN<\/h3>\t\t\t\t<\/div>\n\t\t\t\t<\/div>\n\t\t\t\t<div class=\"elementor-element elementor-element-31df9cf elementor-widget elementor-widget-text-editor\" data-id=\"31df9cf\" data-element_type=\"widget\" data-e-type=\"widget\" data-widget_type=\"text-editor.default\">\n\t\t\t\t<div class=\"elementor-widget-container\">\n\t\t\t\t\t\t\t\t\t<h6>Grupo Investigativo Delitos Inform\u00e1ticos<br class=\"wixui-rich-text__text\" \/>Carrera 77A # 45-61 Barrio Modelia<br class=\"wixui-rich-text__text\" \/>Tel\u00e9fonos: PBX: 426 6900 Ext. 6301-6302<br class=\"wixui-rich-text__text\" \/>Directo: 4266300<\/h6><h6><a href=\"https:\/\/www.policia.gov.co\/dijin\">https:\/\/www.policia.gov.co\/dijin<\/a><\/h6><h6>\u00a0<a class=\"wixui-rich-text__text\" href=\"mailto:adelinfo@dijin.policia.gov.co\" data-auto-recognition=\"true\">adelinfo@dijin.policia.gov.co<\/a><\/h6>\t\t\t\t\t\t\t\t<\/div>\n\t\t\t\t<\/div>\n\t\t\t\t<\/div>\n\t\t<div class=\"elementor-element elementor-element-a57aa0d e-con-full e-flex e-con e-child\" data-id=\"a57aa0d\" data-element_type=\"container\" data-e-type=\"container\">\n\t\t\t\t<div class=\"elementor-element elementor-element-bcdcd14 elementor-widget elementor-widget-heading\" data-id=\"bcdcd14\" data-element_type=\"widget\" data-e-type=\"widget\" data-widget_type=\"heading.default\">\n\t\t\t\t<div class=\"elementor-widget-container\">\n\t\t\t\t\t<h3 class=\"elementor-heading-title elementor-size-default\">INSTITUTO COLOMBIANO DE BIENESTAR FAMILIAR<\/h3>\t\t\t\t<\/div>\n\t\t\t\t<\/div>\n\t\t\t\t<div class=\"elementor-element elementor-element-ca68e80 elementor-widget elementor-widget-text-editor\" data-id=\"ca68e80\" data-element_type=\"widget\" data-e-type=\"widget\" data-widget_type=\"text-editor.default\">\n\t\t\t\t<div class=\"elementor-widget-container\">\n\t\t\t\t\t\t\t\t\t<h6>Sede Direcci\u00f3n General en Avenida Cra. 68 No.64C-75 \u2013 Bogot\u00e1, Colombia.<br class=\"wixui-rich-text__text\" \/>Horario de Atenci\u00f3n: lunes a viernes 8:00AM \u2013 5:00PM.<br class=\"wixui-rich-text__text\" \/>Tel\u00e9fonos: 01 8000 918080 \u00f3 (1)6605520<\/h6><h6><a href=\"https:\/\/www.icbf.gov.co\/\">https:\/\/www.icbf.gov.co\/<\/a><\/h6>\t\t\t\t\t\t\t\t<\/div>\n\t\t\t\t<\/div>\n\t\t\t\t<\/div>\n\t\t\t\t\t<\/div>\n\t\t\t\t<\/div>\n\t\t<div class=\"elementor-element elementor-element-ca50e4d e-flex e-con-boxed e-con e-parent\" data-id=\"ca50e4d\" data-element_type=\"container\" data-e-type=\"container\">\n\t\t\t\t\t<div class=\"e-con-inner\">\n\t\t<div class=\"elementor-element elementor-element-58f1ed2 e-con-full e-flex e-con e-child\" data-id=\"58f1ed2\" data-element_type=\"container\" data-e-type=\"container\">\n\t\t\t\t<div class=\"elementor-element elementor-element-c3d4b3c elementor-widget elementor-widget-image\" data-id=\"c3d4b3c\" data-element_type=\"widget\" data-e-type=\"widget\" data-widget_type=\"image.default\">\n\t\t\t\t<div class=\"elementor-widget-container\">\n\t\t\t\t\t\t\t\t\t\t\t\t\t\t\t\t<a href=\"https:\/\/www.icbf.gov.co\/\">\n\t\t\t\t\t\t\t<img loading=\"lazy\" decoding=\"async\" width=\"244\" height=\"300\" src=\"https:\/\/tufibra.com.co\/wp-content\/uploads\/2024\/03\/Bienestar_familiar_Colombia_logo.svg_-833x1024-1-244x300.png\" class=\"attachment-medium size-medium wp-image-2566\" alt=\"\" srcset=\"https:\/\/tufibra.com.co\/wp-content\/uploads\/2024\/03\/Bienestar_familiar_Colombia_logo.svg_-833x1024-1-244x300.png 244w, https:\/\/tufibra.com.co\/wp-content\/uploads\/2024\/03\/Bienestar_familiar_Colombia_logo.svg_-833x1024-1-768x944.png 768w, https:\/\/tufibra.com.co\/wp-content\/uploads\/2024\/03\/Bienestar_familiar_Colombia_logo.svg_-833x1024-1.png 833w\" sizes=\"(max-width: 244px) 100vw, 244px\" \/>\t\t\t\t\t\t\t\t<\/a>\n\t\t\t\t\t\t\t\t\t\t\t\t\t\t\t<\/div>\n\t\t\t\t<\/div>\n\t\t\t\t<div class=\"elementor-element elementor-element-710015a elementor-widget elementor-widget-image\" data-id=\"710015a\" data-element_type=\"widget\" data-e-type=\"widget\" data-widget_type=\"image.default\">\n\t\t\t\t<div class=\"elementor-widget-container\">\n\t\t\t\t\t\t\t\t\t\t\t\t\t\t\t\t<a href=\"https:\/\/mintic.gov.co\/\">\n\t\t\t\t\t\t\t<img loading=\"lazy\" decoding=\"async\" width=\"465\" height=\"310\" src=\"https:\/\/tufibra.com.co\/wp-content\/uploads\/2024\/03\/imagen-1_0.png\" class=\"attachment-large size-large wp-image-2554\" alt=\"\" srcset=\"https:\/\/tufibra.com.co\/wp-content\/uploads\/2024\/03\/imagen-1_0.png 465w, https:\/\/tufibra.com.co\/wp-content\/uploads\/2024\/03\/imagen-1_0-300x200.png 300w, https:\/\/tufibra.com.co\/wp-content\/uploads\/2024\/03\/imagen-1_0-370x247.png 370w, https:\/\/tufibra.com.co\/wp-content\/uploads\/2024\/03\/imagen-1_0-270x180.png 270w, https:\/\/tufibra.com.co\/wp-content\/uploads\/2024\/03\/imagen-1_0-360x240.png 360w\" sizes=\"(max-width: 465px) 100vw, 465px\" \/>\t\t\t\t\t\t\t\t<\/a>\n\t\t\t\t\t\t\t\t\t\t\t\t\t\t\t<\/div>\n\t\t\t\t<\/div>\n\t\t\t\t<\/div>\n\t\t<div class=\"elementor-element elementor-element-93cbe20 e-con-full e-flex e-con e-child\" data-id=\"93cbe20\" data-element_type=\"container\" data-e-type=\"container\">\n\t\t\t\t<div class=\"elementor-element elementor-element-ed51b71 elementor-widget elementor-widget-image\" data-id=\"ed51b71\" data-element_type=\"widget\" data-e-type=\"widget\" data-widget_type=\"image.default\">\n\t\t\t\t<div class=\"elementor-widget-container\">\n\t\t\t\t\t\t\t\t\t\t\t\t\t\t\t\t<a href=\"https:\/\/www.fiscalia.gov.co\/\">\n\t\t\t\t\t\t\t<img loading=\"lazy\" decoding=\"async\" width=\"223\" height=\"300\" src=\"https:\/\/tufibra.com.co\/wp-content\/uploads\/2024\/03\/LogoFiscalia-762x1024-1-223x300.jpg\" class=\"attachment-medium size-medium wp-image-2556\" alt=\"\" srcset=\"https:\/\/tufibra.com.co\/wp-content\/uploads\/2024\/03\/LogoFiscalia-762x1024-1-223x300.jpg 223w, https:\/\/tufibra.com.co\/wp-content\/uploads\/2024\/03\/LogoFiscalia-762x1024-1.jpg 762w\" sizes=\"(max-width: 223px) 100vw, 223px\" \/>\t\t\t\t\t\t\t\t<\/a>\n\t\t\t\t\t\t\t\t\t\t\t\t\t\t\t<\/div>\n\t\t\t\t<\/div>\n\t\t\t\t<div class=\"elementor-element elementor-element-5149ac4 elementor-widget elementor-widget-image\" data-id=\"5149ac4\" data-element_type=\"widget\" data-e-type=\"widget\" data-widget_type=\"image.default\">\n\t\t\t\t<div class=\"elementor-widget-container\">\n\t\t\t\t\t\t\t\t\t\t\t\t\t\t\t\t<a href=\"https:\/\/www.policia.gov.co\/dijin\">\n\t\t\t\t\t\t\t<img loading=\"lazy\" decoding=\"async\" width=\"300\" height=\"300\" src=\"https:\/\/tufibra.com.co\/wp-content\/uploads\/2024\/03\/Dijin-1-300x300.png\" class=\"attachment-medium size-medium wp-image-3168\" alt=\"\" srcset=\"https:\/\/tufibra.com.co\/wp-content\/uploads\/2024\/03\/Dijin-1-300x300.png 300w, https:\/\/tufibra.com.co\/wp-content\/uploads\/2024\/03\/Dijin-1-150x150.png 150w, https:\/\/tufibra.com.co\/wp-content\/uploads\/2024\/03\/Dijin-1-355x355.png 355w, https:\/\/tufibra.com.co\/wp-content\/uploads\/2024\/03\/Dijin-1-370x370.png 370w, https:\/\/tufibra.com.co\/wp-content\/uploads\/2024\/03\/Dijin-1-170x170.png 170w, https:\/\/tufibra.com.co\/wp-content\/uploads\/2024\/03\/Dijin-1.png 500w\" sizes=\"(max-width: 300px) 100vw, 300px\" \/>\t\t\t\t\t\t\t\t<\/a>\n\t\t\t\t\t\t\t\t\t\t\t\t\t\t\t<\/div>\n\t\t\t\t<\/div>\n\t\t\t\t<\/div>\n\t\t\t\t\t<\/div>\n\t\t\t\t<\/div>\n\t\t\t\t<\/div>\n\t\t","protected":false},"excerpt":{"rendered":"<p>No a la explotaci\u00f3n infantil El suscriptor de cada uno de nuestros contratos debe de declarar su pleno conocimiento y conformidad con las disposiciones legales establecidas en el Decreto 1524 [&hellip;]<\/p>\n","protected":false},"author":1,"featured_media":0,"parent":0,"menu_order":0,"comment_status":"closed","ping_status":"closed","template":"elementor_header_footer","meta":{"_monsterinsights_skip_tracking":false,"_monsterinsights_sitenote_active":false,"_monsterinsights_sitenote_note":"","_monsterinsights_sitenote_category":0,"breadcrumbs_single_post":"","page_title_panel":"","breadcrumbs_single_page":"","single_page_alignment":"","single_page_margin":"","page_structure_type":"","content_style_source":"","content_style":"","blog_post_streched_ed":"","blog_page_streched_ed":"","has_transparent_header":"","disable_transparent_header":"","vertical_spacing_source":"","content_area_spacing":"","single_post_content_background":"","single_page_content_background":"","single_post_boxed_content_spacing":"","single_page_boxed_content_spacing":"","single_post_content_boxed_radius":"","single_page_content_boxed_radius":"","disable_featured_image":"","disable_post_tags":"","disable_author_box":"","disable_posts_navigation":"","disable_comments":"","disable_related_posts":"","disable_header":"","disable_footer":"","footnotes":""},"class_list":["post-3","page","type-page","status-publish","hentry","rishi-post","no-post-thumbnail"],"_links":{"self":[{"href":"https:\/\/tufibra.com.co\/index.php\/wp-json\/wp\/v2\/pages\/3","targetHints":{"allow":["GET"]}}],"collection":[{"href":"https:\/\/tufibra.com.co\/index.php\/wp-json\/wp\/v2\/pages"}],"about":[{"href":"https:\/\/tufibra.com.co\/index.php\/wp-json\/wp\/v2\/types\/page"}],"author":[{"embeddable":true,"href":"https:\/\/tufibra.com.co\/index.php\/wp-json\/wp\/v2\/users\/1"}],"replies":[{"embeddable":true,"href":"https:\/\/tufibra.com.co\/index.php\/wp-json\/wp\/v2\/comments?post=3"}],"version-history":[{"count":61,"href":"https:\/\/tufibra.com.co\/index.php\/wp-json\/wp\/v2\/pages\/3\/revisions"}],"predecessor-version":[{"id":3174,"href":"https:\/\/tufibra.com.co\/index.php\/wp-json\/wp\/v2\/pages\/3\/revisions\/3174"}],"wp:attachment":[{"href":"https:\/\/tufibra.com.co\/index.php\/wp-json\/wp\/v2\/media?parent=3"}],"curies":[{"name":"wp","href":"https:\/\/api.w.org\/{rel}","templated":true}]}}