{"id":2486,"date":"2024-03-10T17:52:07","date_gmt":"2024-03-10T16:52:07","guid":{"rendered":"https:\/\/tufibra.com.co\/?page_id=2486"},"modified":"2024-03-11T01:21:01","modified_gmt":"2024-03-11T00:21:01","slug":"politicas-de-privacidad","status":"publish","type":"page","link":"https:\/\/tufibra.com.co\/index.php\/politicas-de-privacidad\/","title":{"rendered":"Pol\u00edticas de Privacidad"},"content":{"rendered":"\t\t<div data-elementor-type=\"wp-page\" data-elementor-id=\"2486\" class=\"elementor elementor-2486\">\n\t\t\t\t<div class=\"elementor-element elementor-element-4890978 e-flex e-con-boxed e-con e-parent\" data-id=\"4890978\" data-element_type=\"container\" data-e-type=\"container\" data-settings=\"{&quot;background_background&quot;:&quot;classic&quot;}\">\n\t\t\t\t\t<div class=\"e-con-inner\">\n\t\t\t\t<div class=\"elementor-element elementor-element-5eaf4d6 elementor-widget elementor-widget-heading\" data-id=\"5eaf4d6\" data-element_type=\"widget\" data-e-type=\"widget\" data-widget_type=\"heading.default\">\n\t\t\t\t<div class=\"elementor-widget-container\">\n\t\t\t\t\t<h1 class=\"elementor-heading-title elementor-size-default\">Pol\u00edticas de privacidad <\/h1>\t\t\t\t<\/div>\n\t\t\t\t<\/div>\n\t\t\t\t\t<\/div>\n\t\t\t\t<\/div>\n\t\t<div class=\"elementor-element elementor-element-1c0620e e-flex e-con-boxed e-con e-parent\" data-id=\"1c0620e\" data-element_type=\"container\" data-e-type=\"container\">\n\t\t\t\t\t<div class=\"e-con-inner\">\n\t\t\t\t<div class=\"elementor-element elementor-element-d1a7b96 elementor-widget elementor-widget-spacer\" data-id=\"d1a7b96\" data-element_type=\"widget\" data-e-type=\"widget\" data-widget_type=\"spacer.default\">\n\t\t\t\t<div class=\"elementor-widget-container\">\n\t\t\t\t\t\t\t<div class=\"elementor-spacer\">\n\t\t\t<div class=\"elementor-spacer-inner\"><\/div>\n\t\t<\/div>\n\t\t\t\t\t\t<\/div>\n\t\t\t\t<\/div>\n\t\t\t\t\t<\/div>\n\t\t\t\t<\/div>\n\t\t<div class=\"elementor-element elementor-element-a3dc376 e-flex e-con-boxed e-con e-parent\" data-id=\"a3dc376\" data-element_type=\"container\" data-e-type=\"container\">\n\t\t\t\t\t<div class=\"e-con-inner\">\n\t\t<div class=\"elementor-element elementor-element-c4770e7 e-con-full e-flex e-con e-child\" data-id=\"c4770e7\" data-element_type=\"container\" data-e-type=\"container\">\n\t\t\t\t<div class=\"elementor-element elementor-element-31f49f1 elementor-widget elementor-widget-text-editor\" data-id=\"31f49f1\" data-element_type=\"widget\" data-e-type=\"widget\" data-widget_type=\"text-editor.default\">\n\t\t\t\t<div class=\"elementor-widget-container\">\n\t\t\t\t\t\t\t\t\t<h6 class=\"selectable-text copyable-text iq0m558w g0rxnol2\" dir=\"ltr\"><span class=\"selectable-text copyable-text\">TU FIBRA S.A.S., en pleno acatamiento de la normativa vigente y en particular de la Ley 1581 de 2012, manifiesta su compromiso inequ\u00edvoco con la protecci\u00f3n y tratamiento adecuado de los datos personales de sus clientes. La empresa se rige y cumple debidamente con lo estipulado en el documento de autorizaci\u00f3n proporcionado por los usuarios.<\/span><\/h6><h6 class=\"selectable-text copyable-text iq0m558w g0rxnol2\" dir=\"ltr\"><span class=\"selectable-text copyable-text\">En este sentido, la recolecci\u00f3n, almacenamiento, depuraci\u00f3n, uso, an\u00e1lisis, circulaci\u00f3n, actualizaci\u00f3n, transferencia internacional y cruce de informaci\u00f3n, ya sea propia o de terceros, se lleva a cabo de manera escrupulosa y acorde con las disposiciones legales establecidas. Las actividades relacionadas con el mercadeo, promoci\u00f3n y\/o publicidad, venta, facturaci\u00f3n, gesti\u00f3n de cobranza, recaudo, programaci\u00f3n, soporte t\u00e9cnico, inteligencia de mercados, mejoramiento del servicio, verificaciones y consultas, control, comportamiento, h\u00e1bito y habilitaci\u00f3n de medios de pago, prevenci\u00f3n de fraude, as\u00ed como cualquier otra vinculada a productos y servicios actuales y futuros, son ejecutadas respetando las obligaciones contractuales y el objeto social de TU FIBRA S.A.S.<\/span><\/h6>\t\t\t\t\t\t\t\t<\/div>\n\t\t\t\t<\/div>\n\t\t\t\t<div class=\"elementor-element elementor-element-557c78a elementor-align-center elementor-widget elementor-widget-button\" data-id=\"557c78a\" data-element_type=\"widget\" data-e-type=\"widget\" data-widget_type=\"button.default\">\n\t\t\t\t<div class=\"elementor-widget-container\">\n\t\t\t\t\t\t\t\t\t<div class=\"elementor-button-wrapper\">\n\t\t\t\t\t<a class=\"elementor-button elementor-button-link elementor-size-md\" href=\"#\">\n\t\t\t\t\t\t<span class=\"elementor-button-content-wrapper\">\n\t\t\t\t\t\t\t\t\t<span class=\"elementor-button-text\">Descargar pdf<\/span>\n\t\t\t\t\t<\/span>\n\t\t\t\t\t<\/a>\n\t\t\t\t<\/div>\n\t\t\t\t\t\t\t\t<\/div>\n\t\t\t\t<\/div>\n\t\t\t\t<\/div>\n\t\t<div class=\"elementor-element elementor-element-671df80 e-con-full e-flex e-con e-child\" data-id=\"671df80\" data-element_type=\"container\" data-e-type=\"container\">\n\t\t\t\t<div class=\"elementor-element elementor-element-84d2e31 elementor-widget elementor-widget-html\" data-id=\"84d2e31\" data-element_type=\"widget\" data-e-type=\"widget\" data-widget_type=\"html.default\">\n\t\t\t\t<div class=\"elementor-widget-container\">\n\t\t\t\t\t<embed src=\"https:\/\/tufibra.com.co\/wp-content\/uploads\/2024\/03\/Decreto_1377_de_2013.pdf\" type=\"application\/pdf\" width=\"100%\" height=\"800px\" \/>\r\n\t\t\t\t<\/div>\n\t\t\t\t<\/div>\n\t\t\t\t<\/div>\n\t\t\t\t\t<\/div>\n\t\t\t\t<\/div>\n\t\t<div class=\"elementor-element elementor-element-30a4132 e-flex e-con-boxed e-con e-parent\" data-id=\"30a4132\" data-element_type=\"container\" data-e-type=\"container\">\n\t\t\t\t\t<div class=\"e-con-inner\">\n\t\t\t\t\t<\/div>\n\t\t\t\t<\/div>\n\t\t\t\t<\/div>\n\t\t","protected":false},"excerpt":{"rendered":"<p>Pol\u00edticas de privacidad TU FIBRA S.A.S., en pleno acatamiento de la normativa vigente y en particular de la Ley 1581 de 2012, manifiesta su compromiso inequ\u00edvoco con la protecci\u00f3n y [&hellip;]<\/p>\n","protected":false},"author":1,"featured_media":0,"parent":0,"menu_order":0,"comment_status":"closed","ping_status":"closed","template":"elementor_header_footer","meta":{"_monsterinsights_skip_tracking":false,"_monsterinsights_sitenote_active":false,"_monsterinsights_sitenote_note":"","_monsterinsights_sitenote_category":0,"breadcrumbs_single_post":"","page_title_panel":"","breadcrumbs_single_page":"","single_page_alignment":"","single_page_margin":"","page_structure_type":"","content_style_source":"","content_style":"","blog_post_streched_ed":"","blog_page_streched_ed":"","has_transparent_header":"","disable_transparent_header":"","vertical_spacing_source":"","content_area_spacing":"","single_post_content_background":"","single_page_content_background":"","single_post_boxed_content_spacing":"","single_page_boxed_content_spacing":"","single_post_content_boxed_radius":"","single_page_content_boxed_radius":"","disable_featured_image":"","disable_post_tags":"","disable_author_box":"","disable_posts_navigation":"","disable_comments":"","disable_related_posts":"","disable_header":"","disable_footer":"","footnotes":""},"class_list":["post-2486","page","type-page","status-publish","hentry","rishi-post","no-post-thumbnail"],"_links":{"self":[{"href":"https:\/\/tufibra.com.co\/index.php\/wp-json\/wp\/v2\/pages\/2486","targetHints":{"allow":["GET"]}}],"collection":[{"href":"https:\/\/tufibra.com.co\/index.php\/wp-json\/wp\/v2\/pages"}],"about":[{"href":"https:\/\/tufibra.com.co\/index.php\/wp-json\/wp\/v2\/types\/page"}],"author":[{"embeddable":true,"href":"https:\/\/tufibra.com.co\/index.php\/wp-json\/wp\/v2\/users\/1"}],"replies":[{"embeddable":true,"href":"https:\/\/tufibra.com.co\/index.php\/wp-json\/wp\/v2\/comments?post=2486"}],"version-history":[{"count":29,"href":"https:\/\/tufibra.com.co\/index.php\/wp-json\/wp\/v2\/pages\/2486\/revisions"}],"predecessor-version":[{"id":3386,"href":"https:\/\/tufibra.com.co\/index.php\/wp-json\/wp\/v2\/pages\/2486\/revisions\/3386"}],"wp:attachment":[{"href":"https:\/\/tufibra.com.co\/index.php\/wp-json\/wp\/v2\/media?parent=2486"}],"curies":[{"name":"wp","href":"https:\/\/api.w.org\/{rel}","templated":true}]}}